{"id":1130,"date":"2022-12-21T10:29:20","date_gmt":"2022-12-21T09:29:20","guid":{"rendered":"https:\/\/atyx.dnstemporaire.fr\/managing-our-natural-resources\/"},"modified":"2023-03-09T17:14:26","modified_gmt":"2023-03-09T17:14:26","slug":"managing-our-natural-resources","status":"publish","type":"page","link":"https:\/\/www.atyx.fr\/en\/managing-our-natural-resources\/","title":{"rendered":"Managing our natural resources"},"content":{"rendered":"","protected":false},"excerpt":{"rendered":"","protected":false},"author":1,"featured_media":891,"parent":0,"menu_order":0,"comment_status":"closed","ping_status":"closed","template":"templates\/page-concern.php","meta":{"_acf_changed":false,"footnotes":""},"class_list":["post-1130","page","type-page","status-publish","has-post-thumbnail","hentry"],"acf":[],"yoast_head":"<!-- This site is optimized with the Yoast SEO plugin v26.9 - https:\/\/yoast.com\/product\/yoast-seo-wordpress\/ -->\n<title>Managing our natural resources | Atyx<\/title>\n<meta name=\"robots\" content=\"index, follow, max-snippet:-1, max-image-preview:large, max-video-preview:-1\" \/>\n<link rel=\"canonical\" href=\"https:\/\/www.atyx.fr\/en\/managing-our-natural-resources\/\" \/>\n<meta property=\"og:locale\" content=\"en_US\" \/>\n<meta property=\"og:type\" content=\"article\" \/>\n<meta property=\"og:title\" content=\"Managing our natural resources | Atyx\" \/>\n<meta property=\"og:url\" content=\"https:\/\/www.atyx.fr\/en\/managing-our-natural-resources\/\" \/>\n<meta property=\"og:site_name\" content=\"Atyx\" \/>\n<meta property=\"article:modified_time\" content=\"2023-03-09T17:14:26+00:00\" \/>\n<meta property=\"og:image\" content=\"https:\/\/www.atyx.fr\/wp-content\/uploads\/2023\/01\/atyx-ressourcesnaturelles-v2.jpg\" \/>\n\t<meta property=\"og:image:width\" content=\"1590\" \/>\n\t<meta property=\"og:image:height\" content=\"705\" \/>\n\t<meta property=\"og:image:type\" content=\"image\/jpeg\" \/>\n<meta name=\"twitter:card\" content=\"summary_large_image\" \/>\n<script type=\"application\/ld+json\" class=\"yoast-schema-graph\">{\"@context\":\"https:\/\/schema.org\",\"@graph\":[{\"@type\":\"WebPage\",\"@id\":\"https:\/\/www.atyx.fr\/en\/managing-our-natural-resources\/\",\"url\":\"https:\/\/www.atyx.fr\/en\/managing-our-natural-resources\/\",\"name\":\"Managing our natural resources | Atyx\",\"isPartOf\":{\"@id\":\"https:\/\/www.atyx.fr\/en\/#website\"},\"primaryImageOfPage\":{\"@id\":\"https:\/\/www.atyx.fr\/en\/managing-our-natural-resources\/#primaryimage\"},\"image\":{\"@id\":\"https:\/\/www.atyx.fr\/en\/managing-our-natural-resources\/#primaryimage\"},\"thumbnailUrl\":\"https:\/\/www.atyx.fr\/wp-content\/uploads\/2023\/01\/atyx-ressourcesnaturelles-v2.jpg\",\"datePublished\":\"2022-12-21T09:29:20+00:00\",\"dateModified\":\"2023-03-09T17:14:26+00:00\",\"breadcrumb\":{\"@id\":\"https:\/\/www.atyx.fr\/en\/managing-our-natural-resources\/#breadcrumb\"},\"inLanguage\":\"en-US\",\"potentialAction\":[{\"@type\":\"ReadAction\",\"target\":[\"https:\/\/www.atyx.fr\/en\/managing-our-natural-resources\/\"]}]},{\"@type\":\"ImageObject\",\"inLanguage\":\"en-US\",\"@id\":\"https:\/\/www.atyx.fr\/en\/managing-our-natural-resources\/#primaryimage\",\"url\":\"https:\/\/www.atyx.fr\/wp-content\/uploads\/2023\/01\/atyx-ressourcesnaturelles-v2.jpg\",\"contentUrl\":\"https:\/\/www.atyx.fr\/wp-content\/uploads\/2023\/01\/atyx-ressourcesnaturelles-v2.jpg\",\"width\":1590,\"height\":705},{\"@type\":\"BreadcrumbList\",\"@id\":\"https:\/\/www.atyx.fr\/en\/managing-our-natural-resources\/#breadcrumb\",\"itemListElement\":[{\"@type\":\"ListItem\",\"position\":1,\"name\":\"Accueil\",\"item\":\"https:\/\/www.atyx.com\/\"},{\"@type\":\"ListItem\",\"position\":2,\"name\":\"Managing our natural resources\"}]},{\"@type\":\"WebSite\",\"@id\":\"https:\/\/www.atyx.fr\/en\/#website\",\"url\":\"https:\/\/www.atyx.fr\/en\/\",\"name\":\"Atyx\",\"description\":\"Nous accompagnons les grands projets d\u2019ing\u00e9nierie de la phase \u00e9tudes \u00e0 la phase travaux.\",\"publisher\":{\"@id\":\"https:\/\/www.atyx.fr\/en\/#organization\"},\"potentialAction\":[{\"@type\":\"SearchAction\",\"target\":{\"@type\":\"EntryPoint\",\"urlTemplate\":\"https:\/\/www.atyx.fr\/en\/?s={search_term_string}\"},\"query-input\":{\"@type\":\"PropertyValueSpecification\",\"valueRequired\":true,\"valueName\":\"search_term_string\"}}],\"inLanguage\":\"en-US\"},{\"@type\":\"Organization\",\"@id\":\"https:\/\/www.atyx.fr\/en\/#organization\",\"name\":\"Atyx\",\"url\":\"https:\/\/www.atyx.fr\/en\/\",\"logo\":{\"@type\":\"ImageObject\",\"inLanguage\":\"en-US\",\"@id\":\"https:\/\/www.atyx.fr\/en\/#\/schema\/logo\/image\/\",\"url\":\"\",\"contentUrl\":\"\",\"caption\":\"Atyx\"},\"image\":{\"@id\":\"https:\/\/www.atyx.fr\/en\/#\/schema\/logo\/image\/\"}}]}<\/script>\n<!-- \/ Yoast SEO plugin. -->","yoast_head_json":{"title":"Managing our natural resources | Atyx","robots":{"index":"index","follow":"follow","max-snippet":"max-snippet:-1","max-image-preview":"max-image-preview:large","max-video-preview":"max-video-preview:-1"},"canonical":"https:\/\/www.atyx.fr\/en\/managing-our-natural-resources\/","og_locale":"en_US","og_type":"article","og_title":"Managing our natural resources | Atyx","og_url":"https:\/\/www.atyx.fr\/en\/managing-our-natural-resources\/","og_site_name":"Atyx","article_modified_time":"2023-03-09T17:14:26+00:00","og_image":[{"width":1590,"height":705,"url":"https:\/\/www.atyx.fr\/wp-content\/uploads\/2023\/01\/atyx-ressourcesnaturelles-v2.jpg","type":"image\/jpeg"}],"twitter_card":"summary_large_image","schema":{"@context":"https:\/\/schema.org","@graph":[{"@type":"WebPage","@id":"https:\/\/www.atyx.fr\/en\/managing-our-natural-resources\/","url":"https:\/\/www.atyx.fr\/en\/managing-our-natural-resources\/","name":"Managing our natural resources | Atyx","isPartOf":{"@id":"https:\/\/www.atyx.fr\/en\/#website"},"primaryImageOfPage":{"@id":"https:\/\/www.atyx.fr\/en\/managing-our-natural-resources\/#primaryimage"},"image":{"@id":"https:\/\/www.atyx.fr\/en\/managing-our-natural-resources\/#primaryimage"},"thumbnailUrl":"https:\/\/www.atyx.fr\/wp-content\/uploads\/2023\/01\/atyx-ressourcesnaturelles-v2.jpg","datePublished":"2022-12-21T09:29:20+00:00","dateModified":"2023-03-09T17:14:26+00:00","breadcrumb":{"@id":"https:\/\/www.atyx.fr\/en\/managing-our-natural-resources\/#breadcrumb"},"inLanguage":"en-US","potentialAction":[{"@type":"ReadAction","target":["https:\/\/www.atyx.fr\/en\/managing-our-natural-resources\/"]}]},{"@type":"ImageObject","inLanguage":"en-US","@id":"https:\/\/www.atyx.fr\/en\/managing-our-natural-resources\/#primaryimage","url":"https:\/\/www.atyx.fr\/wp-content\/uploads\/2023\/01\/atyx-ressourcesnaturelles-v2.jpg","contentUrl":"https:\/\/www.atyx.fr\/wp-content\/uploads\/2023\/01\/atyx-ressourcesnaturelles-v2.jpg","width":1590,"height":705},{"@type":"BreadcrumbList","@id":"https:\/\/www.atyx.fr\/en\/managing-our-natural-resources\/#breadcrumb","itemListElement":[{"@type":"ListItem","position":1,"name":"Accueil","item":"https:\/\/www.atyx.com\/"},{"@type":"ListItem","position":2,"name":"Managing our natural resources"}]},{"@type":"WebSite","@id":"https:\/\/www.atyx.fr\/en\/#website","url":"https:\/\/www.atyx.fr\/en\/","name":"Atyx","description":"Nous accompagnons les grands projets d\u2019ing\u00e9nierie de la phase \u00e9tudes \u00e0 la phase travaux.","publisher":{"@id":"https:\/\/www.atyx.fr\/en\/#organization"},"potentialAction":[{"@type":"SearchAction","target":{"@type":"EntryPoint","urlTemplate":"https:\/\/www.atyx.fr\/en\/?s={search_term_string}"},"query-input":{"@type":"PropertyValueSpecification","valueRequired":true,"valueName":"search_term_string"}}],"inLanguage":"en-US"},{"@type":"Organization","@id":"https:\/\/www.atyx.fr\/en\/#organization","name":"Atyx","url":"https:\/\/www.atyx.fr\/en\/","logo":{"@type":"ImageObject","inLanguage":"en-US","@id":"https:\/\/www.atyx.fr\/en\/#\/schema\/logo\/image\/","url":"","contentUrl":"","caption":"Atyx"},"image":{"@id":"https:\/\/www.atyx.fr\/en\/#\/schema\/logo\/image\/"}}]}},"_links":{"self":[{"href":"https:\/\/www.atyx.fr\/en\/wp-json\/wp\/v2\/pages\/1130","targetHints":{"allow":["GET"]}}],"collection":[{"href":"https:\/\/www.atyx.fr\/en\/wp-json\/wp\/v2\/pages"}],"about":[{"href":"https:\/\/www.atyx.fr\/en\/wp-json\/wp\/v2\/types\/page"}],"author":[{"embeddable":true,"href":"https:\/\/www.atyx.fr\/en\/wp-json\/wp\/v2\/users\/1"}],"replies":[{"embeddable":true,"href":"https:\/\/www.atyx.fr\/en\/wp-json\/wp\/v2\/comments?post=1130"}],"version-history":[{"count":1,"href":"https:\/\/www.atyx.fr\/en\/wp-json\/wp\/v2\/pages\/1130\/revisions"}],"predecessor-version":[{"id":1138,"href":"https:\/\/www.atyx.fr\/en\/wp-json\/wp\/v2\/pages\/1130\/revisions\/1138"}],"wp:featuredmedia":[{"embeddable":true,"href":"https:\/\/www.atyx.fr\/en\/wp-json\/wp\/v2\/media\/891"}],"wp:attachment":[{"href":"https:\/\/www.atyx.fr\/en\/wp-json\/wp\/v2\/media?parent=1130"}],"curies":[{"name":"wp","href":"https:\/\/api.w.org\/{rel}","templated":true}]}}