{"id":624,"date":"2022-11-02T12:41:59","date_gmt":"2022-11-02T12:41:59","guid":{"rendered":"https:\/\/atyx.dnstemporaire.fr\/our-expertise\/"},"modified":"2023-04-17T15:40:01","modified_gmt":"2023-04-17T15:40:01","slug":"our-expertise","status":"publish","type":"page","link":"https:\/\/www.atyx.fr\/en\/our-expertise\/","title":{"rendered":"Expertise"},"content":{"rendered":"\n<div class=\"wp-block-columns is-layout-flex wp-container-core-columns-is-layout-28f84493 wp-block-columns-is-layout-flex\">\n<div class=\"wp-block-column is-layout-flow wp-block-column-is-layout-flow\">\n<h2 class=\"wp-block-heading\">Our business<\/h2>\n\n\n\n<p>The rapid deployment of our teams \u2013 whatever the technical, legal or cultural environment \u2013 in the following business areas:<\/p>\n\n\n\n<p> <\/p>\n\n\n\n<ul class=\"wp-block-list\">\n<li>Project management<\/li>\n\n\n\n<li>Engineering<\/li>\n\n\n\n<li>Supervision of work<\/li>\n\n\n\n<li>Support functions<\/li>\n<\/ul>\n<\/div>\n\n\n\n<div class=\"wp-block-column is-layout-flow wp-block-column-is-layout-flow\">\n<figure class=\"wp-block-image size-large with-frame\"><img loading=\"lazy\" decoding=\"async\" width=\"1024\" height=\"718\" src=\"https:\/\/www.atyx.fr\/wp-content\/uploads\/2023\/01\/atyx-page-enjeux-expertise-1024x718.png\" alt=\"\" class=\"wp-image-977\" srcset=\"https:\/\/www.atyx.fr\/wp-content\/uploads\/2023\/01\/atyx-page-enjeux-expertise-1024x718.png 1024w, https:\/\/www.atyx.fr\/wp-content\/uploads\/2023\/01\/atyx-page-enjeux-expertise-300x210.png 300w, https:\/\/www.atyx.fr\/wp-content\/uploads\/2023\/01\/atyx-page-enjeux-expertise-768x539.png 768w, https:\/\/www.atyx.fr\/wp-content\/uploads\/2023\/01\/atyx-page-enjeux-expertise-107x75.png 107w, https:\/\/www.atyx.fr\/wp-content\/uploads\/2023\/01\/atyx-page-enjeux-expertise.png 1069w\" sizes=\"auto, (max-width: 1024px) 100vw, 1024px\" \/><\/figure>\n<\/div>\n<\/div>\n\n<p class=\"text-deco\">Expertise<\/p>\n\n<h2 class=\"wp-block-heading\">Cooperation<\/h2>\n\n<p>We cooperate at all stages of the project life cycle, from the upstream phase to dismantling, including engineering studies, works, commissioning, operation, maintenance and demolition..<\/p>\n\n<div id=\"steps-block_77898ecf79671a624828ec4006b4b1d7\" class=\"block-steps\">\n        <div class=\"swiper project-steps js_steps\">\n        <div class=\"swiper-wrapper\">\n                        <div class=\"swiper-slide\">\n                <div class=\"project-steps__step\">\n                                                            <figure class=\"project-steps__img\">\n                        <img decoding=\"async\" src=\"https:\/\/www.atyx.fr\/wp-content\/uploads\/2023\/04\/etape-1-1.png\" alt=\"\" \/>\n                    <\/figure>\n                                        <h3 class=\"project-steps__title\">Research and studies<\/h3>\n                    <ul class=\"project-steps__details\">\n                    <li>Feasibility<br \/>\r<\/li><li>Design<br \/>\r<\/li><li>Implementation studies<\/li>                    <\/ul>\n                <\/div>\n            <\/div>\n                        <div class=\"swiper-slide\">\n                <div class=\"project-steps__step\">\n                                                            <figure class=\"project-steps__img\">\n                        <img decoding=\"async\" src=\"https:\/\/www.atyx.fr\/wp-content\/uploads\/2023\/04\/etape-2-1.png\" alt=\"\" \/>\n                    <\/figure>\n                                        <h3 class=\"project-steps__title\">Works<\/h3>\n                    <ul class=\"project-steps__details\">\n                    <li>Project management<br \/>\r<\/li><li>Project supervision<br \/>\r<\/li><li>Project coordination<\/li>                    <\/ul>\n                <\/div>\n            <\/div>\n                        <div class=\"swiper-slide\">\n                <div class=\"project-steps__step\">\n                                                            <figure class=\"project-steps__img\">\n                        <img decoding=\"async\" src=\"https:\/\/www.atyx.fr\/wp-content\/uploads\/2023\/04\/etape-3-1.png\" alt=\"\" \/>\n                    <\/figure>\n                                        <h3 class=\"project-steps__title\">Commissioning<\/h3>\n                    <ul class=\"project-steps__details\">\n                    <li>Commissioning preparation<br \/>\r<\/li><li>Commissioning supervision<br \/>\r<\/li><li>Management of trials<\/li>                    <\/ul>\n                <\/div>\n            <\/div>\n                        <div class=\"swiper-slide\">\n                <div class=\"project-steps__step\">\n                                                            <figure class=\"project-steps__img\">\n                        <img decoding=\"async\" src=\"https:\/\/www.atyx.fr\/wp-content\/uploads\/2023\/04\/etape-4-1.png\" alt=\"\" \/>\n                    <\/figure>\n                                        <h3 class=\"project-steps__title\">Maintenance\/ Revamping<\/h3>\n                    <ul class=\"project-steps__details\">\n                    <li>Operation\/ maintenance<br \/>\r<\/li><li>Management and preparation of stoppages<\/li>                    <\/ul>\n                <\/div>\n            <\/div>\n                        <div class=\"swiper-slide\">\n                <div class=\"project-steps__step\">\n                                                            <figure class=\"project-steps__img\">\n                        <img decoding=\"async\" src=\"https:\/\/www.atyx.fr\/wp-content\/uploads\/2023\/04\/etape-5-2.png\" alt=\"\" \/>\n                    <\/figure>\n                                        <h3 class=\"project-steps__title\">Disassembly<\/h3>\n                    <ul class=\"project-steps__details\">\n                    <li>Dismantling<br \/>\r<\/li><li>Demolition<\/li>                    <\/ul>\n                <\/div>\n            <\/div>\n                    <\/div>\n        <div class=\"project-steps__button swiper-button-prev\"><\/div>\n        <div class=\"project-steps__button swiper-button-next\"><\/div>\n    <\/div>\n    <ul class=\"project-steps-other\">\n        <li>Methods<\/li>\n        <li>Cross-functions<\/li>\n        <li>Project management<\/li>\n    <\/ul>\n    <\/div>\n<h2 class=\"wp-block-heading\">Technical disciplines<\/h2>\n\n<div class=\"wp-block-group with-box-shadow is-layout-constrained wp-container-core-group-is-layout-ca09131d wp-block-group-is-layout-constrained\" style=\"padding-top:var(--wp--preset--spacing--60);padding-right:var(--wp--preset--spacing--60);padding-bottom:var(--wp--preset--spacing--60);padding-left:var(--wp--preset--spacing--60)\">\n<div class=\"wp-block-columns is-layout-flex wp-container-core-columns-is-layout-28f84493 wp-block-columns-is-layout-flex\">\n<div class=\"wp-block-column is-layout-flow wp-block-column-is-layout-flow\" style=\"flex-basis:50%\">\n<h3 class=\"wp-block-heading\">Engineering technical disciplines<\/h3>\n\n\n\n<p>Work in all the major technical disciplines, whether in the design office or in the field.<\/p>\n<\/div>\n\n\n\n<div class=\"wp-block-column is-layout-flow wp-block-column-is-layout-flow\" style=\"flex-basis:25%\">\n<ul class=\"list-disciplines wp-block-list\">\n<li>CIVIL ENGINEERING<\/li>\n\n\n\n<li>ROADS AND UTILITIES<\/li>\n\n\n\n<li>EARTHWORK<\/li>\n\n\n\n<li>DRILLING<\/li>\n\n\n\n<li>ELECTRICITY<\/li>\n\n\n\n<li>INSTRUMENTATION<\/li>\n\n\n\n<li>AUTOMATION<\/li>\n\n\n\n<li>MECHANICAL ENGINEERING<\/li>\n\n\n\n<li>PIPEWORK<\/li>\n<\/ul>\n<\/div>\n\n\n\n<div class=\"wp-block-column is-layout-flow wp-block-column-is-layout-flow\" style=\"flex-basis:25%\">\n<ul class=\"list-disciplines wp-block-list\">\n<li>PROCESS<\/li>\n\n\n\n<li>STRUCTURE<\/li>\n\n\n\n<li>HVAC<\/li>\n<\/ul>\n<\/div>\n<\/div>\n\n\n\n<div class=\"wp-block-columns is-layout-flex wp-container-core-columns-is-layout-28f84493 wp-block-columns-is-layout-flex\">\n<div class=\"wp-block-column is-layout-flow wp-block-column-is-layout-flow\" style=\"flex-basis:50%\">\n<h3 class=\"wp-block-heading\">Technical support disciplines<\/h3>\n\n\n\n<p>Our consultants work in support functions and play a key role in the success of projects.<\/p>\n<\/div>\n\n\n\n<div class=\"wp-block-column is-layout-flow wp-block-column-is-layout-flow\" style=\"flex-basis:25%\">\n<ul class=\"list-disciplines wp-block-list\">\n<li>PROJECT TECHNICAL MANAGEMENT<\/li>\n\n\n\n<li>BUSINESS MANAGEMENT<\/li>\n\n\n\n<li>PLANNING<\/li>\n\n\n\n<li>CONTRACT MANAGEMENT<\/li>\n\n\n\n<li>COST CONTROL<\/li>\n<\/ul>\n<\/div>\n\n\n\n<div class=\"wp-block-column is-layout-flow wp-block-column-is-layout-flow\" style=\"flex-basis:25%\">\n<ul class=\"list-disciplines wp-block-list\">\n<li>DOCUMENT MANAGEMENT<\/li>\n\n\n\n<li>ENVIRONMENT HEALTH SAFETY<\/li>\n\n\n\n<li>QUALITY<\/li>\n\n\n\n<li>PURCHASING<\/li>\n\n\n\n<li>LOGISTICS<\/li>\n<\/ul>\n<\/div>\n<\/div>\n<\/div>\n","protected":false},"excerpt":{"rendered":"<p>Our business The rapid deployment of our teams \u2013 whatever the technical, legal or cultural environment \u2013 in the following business areas: Expertise Cooperation We cooperate at all stages of the project life cycle, from the upstream phase to dismantling, including engineering studies, works, commissioning, operation, maintenance and demolition.. Technical disciplines Engineering technical disciplines Work [&hellip;]<\/p>\n","protected":false},"author":1,"featured_media":884,"parent":0,"menu_order":0,"comment_status":"closed","ping_status":"closed","template":"templates\/page-skills.php","meta":{"_acf_changed":false,"footnotes":""},"class_list":["post-624","page","type-page","status-publish","has-post-thumbnail","hentry"],"acf":[],"yoast_head":"<!-- This site is optimized with the Yoast SEO plugin v26.9 - https:\/\/yoast.com\/product\/yoast-seo-wordpress\/ -->\n<title>Technical expertise | Atyx<\/title>\n<meta name=\"description\" content=\"Our teams of technical experts are deployed internationally to support you in completion of your projects.\" \/>\n<meta name=\"robots\" content=\"index, follow, max-snippet:-1, max-image-preview:large, max-video-preview:-1\" \/>\n<link rel=\"canonical\" href=\"https:\/\/www.atyx.fr\/en\/our-expertise\/\" \/>\n<meta property=\"og:locale\" content=\"en_US\" \/>\n<meta property=\"og:type\" content=\"article\" \/>\n<meta property=\"og:title\" content=\"Technical expertise | Atyx\" \/>\n<meta property=\"og:description\" content=\"Our teams of technical experts are deployed internationally to support you in completion of your projects.\" \/>\n<meta property=\"og:url\" content=\"https:\/\/www.atyx.fr\/en\/our-expertise\/\" \/>\n<meta property=\"og:site_name\" content=\"Atyx\" \/>\n<meta property=\"article:modified_time\" content=\"2023-04-17T15:40:01+00:00\" \/>\n<meta property=\"og:image\" content=\"https:\/\/www.atyx.fr\/wp-content\/uploads\/2023\/01\/atyx-couleur-v4.jpg\" \/>\n\t<meta property=\"og:image:width\" content=\"1920\" \/>\n\t<meta property=\"og:image:height\" content=\"1024\" \/>\n\t<meta property=\"og:image:type\" content=\"image\/jpeg\" \/>\n<meta name=\"twitter:card\" content=\"summary_large_image\" \/>\n<script type=\"application\/ld+json\" class=\"yoast-schema-graph\">{\"@context\":\"https:\/\/schema.org\",\"@graph\":[{\"@type\":\"WebPage\",\"@id\":\"https:\/\/www.atyx.fr\/en\/our-expertise\/\",\"url\":\"https:\/\/www.atyx.fr\/en\/our-expertise\/\",\"name\":\"Technical expertise | Atyx\",\"isPartOf\":{\"@id\":\"https:\/\/www.atyx.fr\/en\/#website\"},\"primaryImageOfPage\":{\"@id\":\"https:\/\/www.atyx.fr\/en\/our-expertise\/#primaryimage\"},\"image\":{\"@id\":\"https:\/\/www.atyx.fr\/en\/our-expertise\/#primaryimage\"},\"thumbnailUrl\":\"https:\/\/www.atyx.fr\/wp-content\/uploads\/2023\/01\/atyx-couleur-v4.jpg\",\"datePublished\":\"2022-11-02T12:41:59+00:00\",\"dateModified\":\"2023-04-17T15:40:01+00:00\",\"description\":\"Our teams of technical experts are deployed internationally to support you in completion of your projects.\",\"breadcrumb\":{\"@id\":\"https:\/\/www.atyx.fr\/en\/our-expertise\/#breadcrumb\"},\"inLanguage\":\"en-US\",\"potentialAction\":[{\"@type\":\"ReadAction\",\"target\":[\"https:\/\/www.atyx.fr\/en\/our-expertise\/\"]}]},{\"@type\":\"ImageObject\",\"inLanguage\":\"en-US\",\"@id\":\"https:\/\/www.atyx.fr\/en\/our-expertise\/#primaryimage\",\"url\":\"https:\/\/www.atyx.fr\/wp-content\/uploads\/2023\/01\/atyx-couleur-v4.jpg\",\"contentUrl\":\"https:\/\/www.atyx.fr\/wp-content\/uploads\/2023\/01\/atyx-couleur-v4.jpg\",\"width\":1920,\"height\":1024},{\"@type\":\"BreadcrumbList\",\"@id\":\"https:\/\/www.atyx.fr\/en\/our-expertise\/#breadcrumb\",\"itemListElement\":[{\"@type\":\"ListItem\",\"position\":1,\"name\":\"Accueil\",\"item\":\"https:\/\/www.atyx.com\/\"},{\"@type\":\"ListItem\",\"position\":2,\"name\":\"Expertise\"}]},{\"@type\":\"WebSite\",\"@id\":\"https:\/\/www.atyx.fr\/en\/#website\",\"url\":\"https:\/\/www.atyx.fr\/en\/\",\"name\":\"Atyx\",\"description\":\"Nous accompagnons les grands projets d\u2019ing\u00e9nierie de la phase \u00e9tudes \u00e0 la phase travaux.\",\"publisher\":{\"@id\":\"https:\/\/www.atyx.fr\/en\/#organization\"},\"potentialAction\":[{\"@type\":\"SearchAction\",\"target\":{\"@type\":\"EntryPoint\",\"urlTemplate\":\"https:\/\/www.atyx.fr\/en\/?s={search_term_string}\"},\"query-input\":{\"@type\":\"PropertyValueSpecification\",\"valueRequired\":true,\"valueName\":\"search_term_string\"}}],\"inLanguage\":\"en-US\"},{\"@type\":\"Organization\",\"@id\":\"https:\/\/www.atyx.fr\/en\/#organization\",\"name\":\"Atyx\",\"url\":\"https:\/\/www.atyx.fr\/en\/\",\"logo\":{\"@type\":\"ImageObject\",\"inLanguage\":\"en-US\",\"@id\":\"https:\/\/www.atyx.fr\/en\/#\/schema\/logo\/image\/\",\"url\":\"\",\"contentUrl\":\"\",\"caption\":\"Atyx\"},\"image\":{\"@id\":\"https:\/\/www.atyx.fr\/en\/#\/schema\/logo\/image\/\"}}]}<\/script>\n<!-- \/ Yoast SEO plugin. -->","yoast_head_json":{"title":"Technical expertise | Atyx","description":"Our teams of technical experts are deployed internationally to support you in completion of your projects.","robots":{"index":"index","follow":"follow","max-snippet":"max-snippet:-1","max-image-preview":"max-image-preview:large","max-video-preview":"max-video-preview:-1"},"canonical":"https:\/\/www.atyx.fr\/en\/our-expertise\/","og_locale":"en_US","og_type":"article","og_title":"Technical expertise | Atyx","og_description":"Our teams of technical experts are deployed internationally to support you in completion of your projects.","og_url":"https:\/\/www.atyx.fr\/en\/our-expertise\/","og_site_name":"Atyx","article_modified_time":"2023-04-17T15:40:01+00:00","og_image":[{"width":1920,"height":1024,"url":"https:\/\/www.atyx.fr\/wp-content\/uploads\/2023\/01\/atyx-couleur-v4.jpg","type":"image\/jpeg"}],"twitter_card":"summary_large_image","schema":{"@context":"https:\/\/schema.org","@graph":[{"@type":"WebPage","@id":"https:\/\/www.atyx.fr\/en\/our-expertise\/","url":"https:\/\/www.atyx.fr\/en\/our-expertise\/","name":"Technical expertise | Atyx","isPartOf":{"@id":"https:\/\/www.atyx.fr\/en\/#website"},"primaryImageOfPage":{"@id":"https:\/\/www.atyx.fr\/en\/our-expertise\/#primaryimage"},"image":{"@id":"https:\/\/www.atyx.fr\/en\/our-expertise\/#primaryimage"},"thumbnailUrl":"https:\/\/www.atyx.fr\/wp-content\/uploads\/2023\/01\/atyx-couleur-v4.jpg","datePublished":"2022-11-02T12:41:59+00:00","dateModified":"2023-04-17T15:40:01+00:00","description":"Our teams of technical experts are deployed internationally to support you in completion of your projects.","breadcrumb":{"@id":"https:\/\/www.atyx.fr\/en\/our-expertise\/#breadcrumb"},"inLanguage":"en-US","potentialAction":[{"@type":"ReadAction","target":["https:\/\/www.atyx.fr\/en\/our-expertise\/"]}]},{"@type":"ImageObject","inLanguage":"en-US","@id":"https:\/\/www.atyx.fr\/en\/our-expertise\/#primaryimage","url":"https:\/\/www.atyx.fr\/wp-content\/uploads\/2023\/01\/atyx-couleur-v4.jpg","contentUrl":"https:\/\/www.atyx.fr\/wp-content\/uploads\/2023\/01\/atyx-couleur-v4.jpg","width":1920,"height":1024},{"@type":"BreadcrumbList","@id":"https:\/\/www.atyx.fr\/en\/our-expertise\/#breadcrumb","itemListElement":[{"@type":"ListItem","position":1,"name":"Accueil","item":"https:\/\/www.atyx.com\/"},{"@type":"ListItem","position":2,"name":"Expertise"}]},{"@type":"WebSite","@id":"https:\/\/www.atyx.fr\/en\/#website","url":"https:\/\/www.atyx.fr\/en\/","name":"Atyx","description":"Nous accompagnons les grands projets d\u2019ing\u00e9nierie de la phase \u00e9tudes \u00e0 la phase travaux.","publisher":{"@id":"https:\/\/www.atyx.fr\/en\/#organization"},"potentialAction":[{"@type":"SearchAction","target":{"@type":"EntryPoint","urlTemplate":"https:\/\/www.atyx.fr\/en\/?s={search_term_string}"},"query-input":{"@type":"PropertyValueSpecification","valueRequired":true,"valueName":"search_term_string"}}],"inLanguage":"en-US"},{"@type":"Organization","@id":"https:\/\/www.atyx.fr\/en\/#organization","name":"Atyx","url":"https:\/\/www.atyx.fr\/en\/","logo":{"@type":"ImageObject","inLanguage":"en-US","@id":"https:\/\/www.atyx.fr\/en\/#\/schema\/logo\/image\/","url":"","contentUrl":"","caption":"Atyx"},"image":{"@id":"https:\/\/www.atyx.fr\/en\/#\/schema\/logo\/image\/"}}]}},"_links":{"self":[{"href":"https:\/\/www.atyx.fr\/en\/wp-json\/wp\/v2\/pages\/624","targetHints":{"allow":["GET"]}}],"collection":[{"href":"https:\/\/www.atyx.fr\/en\/wp-json\/wp\/v2\/pages"}],"about":[{"href":"https:\/\/www.atyx.fr\/en\/wp-json\/wp\/v2\/types\/page"}],"author":[{"embeddable":true,"href":"https:\/\/www.atyx.fr\/en\/wp-json\/wp\/v2\/users\/1"}],"replies":[{"embeddable":true,"href":"https:\/\/www.atyx.fr\/en\/wp-json\/wp\/v2\/comments?post=624"}],"version-history":[{"count":6,"href":"https:\/\/www.atyx.fr\/en\/wp-json\/wp\/v2\/pages\/624\/revisions"}],"predecessor-version":[{"id":1512,"href":"https:\/\/www.atyx.fr\/en\/wp-json\/wp\/v2\/pages\/624\/revisions\/1512"}],"wp:featuredmedia":[{"embeddable":true,"href":"https:\/\/www.atyx.fr\/en\/wp-json\/wp\/v2\/media\/884"}],"wp:attachment":[{"href":"https:\/\/www.atyx.fr\/en\/wp-json\/wp\/v2\/media?parent=624"}],"curies":[{"name":"wp","href":"https:\/\/api.w.org\/{rel}","templated":true}]}}